{"id":111,"date":"2018-02-07T17:01:33","date_gmt":"2018-02-07T16:01:33","guid":{"rendered":"http:\/\/dev.guzzetti.com\/?page_id=111"},"modified":"2025-12-04T14:05:20","modified_gmt":"2025-12-04T13:05:20","slug":"contatti","status":"publish","type":"page","link":"https:\/\/guzzetti.com\/es\/contatti\/","title":{"rendered":"CONTATTI"},"content":{"rendered":"<div class=\"wpb-content-wrapper\"><p>[vc_row][vc_column width=\u00bb1\/2&#8243; css=\u00bb.vc_custom_1764848505107{margin-top: -25px !important;}\u00bb][vc_row_inner css=\u00bb.vc_custom_1764755195103{margin-top: 30px !important;}\u00bb][vc_column_inner][vc_column_text css=\u00bb\u00bb]<\/p>\n<p style=\"font-size: 15px; text-align: left; font-family: Roboto, sans-serif; color: #777;\">Contacto<\/p>\n<p>[\/vc_column_text][vc_column_text css=\u00bb\u00bb]<\/p>\n<p style=\"font-size: 24px; text-align: left; font-family: Roboto, sans-serif; color: #555; line-height: 1.1;\">\u00bfEn b\u00fasqueda de mejorar la<br \/>\neficiencia de sus l\u00edneas de<br \/>\nproducci\u00f3n?<\/p>\n<p>[\/vc_column_text][vc_column_text css=\u00bb\u00bb]<\/p>\n<p style=\"font-size: 14,5px; text-align: left; font-family: 'Roboto Condensed', sans-serif; color: #777;\">Cu\u00e9ntanos tu idea, tus necesidades o tu problema.<br \/>\nNuestro equipo comercial analizar\u00e1 tus requerimientos para ofrecerte la mejor soluci\u00f3n.<\/p>\n<p>[\/vc_column_text][\/vc_column_inner][\/vc_row_inner][\/vc_column][vc_column width=\u00bb1\/2&#8243;][vc_single_image image=\u00bb3945&#8243; img_size=\u00bblarge\u00bb alignment=\u00bbcenter\u00bb css=\u00bb.vc_custom_1764848673294{margin-left: -15px !important;}\u00bb][\/vc_column][\/vc_row][vc_row][vc_column][vc_separator css=\u00bb\u00bb][\/vc_column][\/vc_row][vc_row][vc_column width=\u00bb1\/2&#8243; css=\u00bb.vc_custom_1764848571546{margin-top: -50px !important;}\u00bb][vc_column_text css=\u00bb\u00bb]<\/p>\n<p style=\"text-align: left;\"><span class=\"titolo-rosso\">SOLICITAR\u2002<\/span><span class=\"titolo-grigio\">INFORMACI\u00d3N<\/span><\/p>\n<p>[\/vc_column_text][vc_column_text css=\u00bb.vc_custom_1764853513400{padding-bottom: 5% !important;}\u00bb]<div class=\"wpforms-container wpforms-container-full\" id=\"wpforms-3964\"><form id=\"wpforms-form-3964\" class=\"wpforms-validate wpforms-form\" data-formid=\"3964\" method=\"post\" enctype=\"multipart\/form-data\" action=\"\/es\/wp-json\/wp\/v2\/pages\/111#wpforms-3964\"><div class=\"wpforms-field-container\"><div id=\"wpforms-3964-field_0-container\" class=\"wpforms-field wpforms-field-name\" data-field-id=\"0\"><label class=\"wpforms-field-label\" for=\"wpforms-3964-field_0\">Nombre <span class=\"wpforms-required-label\">*<\/span><\/label><input type=\"text\" id=\"wpforms-3964-field_0\" class=\"wpforms-field-large wpforms-field-required\" name=\"wpforms[fields][0]\" required><\/div><div id=\"wpforms-3964-field_4-container\" class=\"wpforms-field wpforms-field-name\" data-field-id=\"4\"><label class=\"wpforms-field-label\" for=\"wpforms-3964-field_4\">Apellido <span class=\"wpforms-required-label\">*<\/span><\/label><input type=\"text\" id=\"wpforms-3964-field_4\" class=\"wpforms-field-large wpforms-field-required\" name=\"wpforms[fields][4]\" required><\/div><div id=\"wpforms-3964-field_5-container\" class=\"wpforms-field wpforms-field-name\" data-field-id=\"5\"><label class=\"wpforms-field-label\" for=\"wpforms-3964-field_5\">Empresa <span class=\"wpforms-required-label\">*<\/span><\/label><input type=\"text\" id=\"wpforms-3964-field_5\" class=\"wpforms-field-large wpforms-field-required\" name=\"wpforms[fields][5]\" required><\/div><div id=\"wpforms-3964-field_1-container\" class=\"wpforms-field wpforms-field-email\" data-field-id=\"1\"><label class=\"wpforms-field-label\" for=\"wpforms-3964-field_1\">Correo electr\u00f3nico <span class=\"wpforms-required-label\">*<\/span><\/label><input type=\"email\" id=\"wpforms-3964-field_1\" class=\"wpforms-field-large wpforms-field-required\" name=\"wpforms[fields][1]\" required><\/div><div id=\"wpforms-3964-field_6-container\" class=\"wpforms-field wpforms-field-phone\" data-field-id=\"6\"><label class=\"wpforms-field-label\" for=\"wpforms-3964-field_6\">Tel\u00e9fono<\/label><input type=\"tel\" id=\"wpforms-3964-field_6\" class=\"wpforms-field-large\" name=\"wpforms[fields][6]\" ><\/div><div id=\"wpforms-3964-field_2-container\" class=\"wpforms-field wpforms-field-textarea\" data-field-id=\"2\"><label class=\"wpforms-field-label\" for=\"wpforms-3964-field_2\">Su mensaje <span class=\"wpforms-required-label\">*<\/span><\/label><textarea id=\"wpforms-3964-field_2\" class=\"wpforms-field-small wpforms-field-required\" name=\"wpforms[fields][2]\" required><\/textarea><\/div><div id=\"wpforms-3964-field_8-container\" class=\"wpforms-field wpforms-field-html\" data-field-id=\"8\"><div id=\"wpforms-3964-field_8\">Leggi <a href=\"\/privacy-policy-form\/\">l'informativa sulla Privacy<\/a><\/div><\/div><div id=\"wpforms-3964-field_7-container\" class=\"wpforms-field wpforms-field-checkbox\" data-field-id=\"7\"><label class=\"wpforms-field-label\" for=\"wpforms-3964-field_7\">Aceptar la pol\u00edtica de privacidad <span class=\"wpforms-required-label\">*<\/span><\/label><ul id=\"wpforms-3964-field_7\" class=\"wpforms-field-required\"><li class=\"choice-1 depth-1\"><input type=\"checkbox\" id=\"wpforms-3964-field_7_1\" name=\"wpforms[fields][7][]\" value=\"Aceptar\" required ><label class=\"wpforms-field-label-inline\" for=\"wpforms-3964-field_7_1\">Aceptar<\/label><\/li><\/ul><\/div><\/div><div class=\"wpforms-field wpforms-field-hp\" id=\"wpform-field-hp\"><label for=\"wpforms-field_hp\" class=\"wpforms-field-label\">Phone<\/label><input type=\"text\" name=\"wpforms[hp]\" id=\"wpforms-field_hp\" class=\"wpforms-field-medium\"><\/div><div class=\"wpforms-recaptcha-container\" ><div class=\"g-recaptcha\" data-sitekey=\"6LeBaW8UAAAAAMHLIiJCVUVVJy4LKpc76WEluR1b\"><\/div><input type=\"text\" name=\"g-recaptcha-hidden\" class=\"wpforms-recaptcha-hidden\" style=\"position:absolute!important;clip:rect(0,0,0,0)!important;height:1px!important;width:1px!important;border:0!important;overflow:hidden!important;padding:0!important;margin:0!important;\" required><\/div><div class=\"wpforms-submit-container\" ><input type=\"hidden\" name=\"wpforms[id]\" value=\"3964\"><input type=\"hidden\" name=\"wpforms[author]\" value=\"1\"><button type=\"submit\" name=\"wpforms[submit]\" class=\"wpforms-submit \" id=\"wpforms-submit-3964\" value=\"wpforms-submit\" data-alt-text=\"Enviando...\">Enviar su solicitud<\/button><\/div><\/form><\/div>[\/vc_column_text][\/vc_column][vc_column width=\u00bb1\/2&#8243; css=\u00bb.vc_custom_1764848579785{margin-top: -50px !important;}\u00bb][vc_row_inner][vc_column_inner][vc_column_text css=\u00bb.vc_custom_1750942067208{padding-bottom: 5% !important;}\u00bb]<\/p>\n<p style=\"text-align: left;\"><span class=\"titolo-rosso\">CONTACTO\u2002EN\u2002<\/span><span class=\"titolo-grigio\">LA\u2002EMPRESA<\/span><\/p>\n<p>[\/vc_column_text][\/vc_column_inner][\/vc_row_inner][vc_column_text css=\u00bb.vc_custom_1750941741158{padding-bottom: 5% !important;}\u00bb]Far East &amp; Middle East, Central &amp; South America, Africa<br \/>\nDavide DE NAVA\u00a0<a href=\"mailto:ddenava@guzzetti.com\">e-mail<\/a><\/p>\n<p>North America, Mexico, North &amp; East Europe<br \/>\nAlessandro DE PRA <a href=\"mailto:adepra@guzzetti.com\">e-mail<\/a><\/p>\n<p>Austria, France, Italy, Portugal, Spain, Ukraine, Belarus, Russia<br \/>\nFabio GHIRIMOLDI <a href=\"mailto:fghirimoldi@guzzetti.com\">e-mail<\/a><\/p>\n<p>[\/vc_column_text][\/vc_column][\/vc_row]<\/p>\n<\/div>","protected":false},"excerpt":{"rendered":"<p>[vc_row][vc_column width=\u00bb1\/2&#8243; css=\u00bb.vc_custom_1764848505107{margin-top: -25px !important;}\u00bb][vc_row_inner css=\u00bb.vc_custom_1764755195103{margin-top: 30px !important;}\u00bb][vc_column_inner][vc_column_text css=\u00bb\u00bb] Contacto [\/vc_column_text][vc_column_text css=\u00bb\u00bb] \u00bfEn b\u00fasqueda de mejorar la eficiencia de sus l\u00edneas de producci\u00f3n? [\/vc_column_text][vc_column_text css=\u00bb\u00bb] Cu\u00e9ntanos tu idea, tus necesidades o tu problema. Nuestro equipo comercial analizar\u00e1 tus requerimientos para <a href=\"https:\/\/guzzetti.com\/es\/contatti\/\"> Read more&#8230;<\/a><\/p>\n","protected":false},"author":1,"featured_media":0,"parent":0,"menu_order":0,"comment_status":"closed","ping_status":"closed","template":"","meta":{"footnotes":""},"class_list":["post-111","page","type-page","status-publish","hentry"],"_links":{"self":[{"href":"https:\/\/guzzetti.com\/es\/wp-json\/wp\/v2\/pages\/111","targetHints":{"allow":["GET"]}}],"collection":[{"href":"https:\/\/guzzetti.com\/es\/wp-json\/wp\/v2\/pages"}],"about":[{"href":"https:\/\/guzzetti.com\/es\/wp-json\/wp\/v2\/types\/page"}],"author":[{"embeddable":true,"href":"https:\/\/guzzetti.com\/es\/wp-json\/wp\/v2\/users\/1"}],"replies":[{"embeddable":true,"href":"https:\/\/guzzetti.com\/es\/wp-json\/wp\/v2\/comments?post=111"}],"version-history":[{"count":175,"href":"https:\/\/guzzetti.com\/es\/wp-json\/wp\/v2\/pages\/111\/revisions"}],"predecessor-version":[{"id":3966,"href":"https:\/\/guzzetti.com\/es\/wp-json\/wp\/v2\/pages\/111\/revisions\/3966"}],"wp:attachment":[{"href":"https:\/\/guzzetti.com\/es\/wp-json\/wp\/v2\/media?parent=111"}],"curies":[{"name":"wp","href":"https:\/\/api.w.org\/{rel}","templated":true}]}}