{"id":46,"date":"2018-02-06T16:47:02","date_gmt":"2018-02-06T15:47:02","guid":{"rendered":"http:\/\/dev.guzzetti.com\/?page_id=46"},"modified":"2025-12-04T11:54:42","modified_gmt":"2025-12-04T10:54:42","slug":"azienda","status":"publish","type":"page","link":"https:\/\/guzzetti.com\/es\/azienda\/","title":{"rendered":"AZIENDA"},"content":{"rendered":"<div class=\"wpb-content-wrapper\"><p>[vc_row css=\u00bb.vc_custom_1764753925528{margin-top: -50px !important;}\u00bb][vc_column][vc_column_text css=\u00bb\u00bb]<\/p>\n<div>\n<div class=\"titolo-rosso\"><strong>NUESTRA\u00a0<\/strong><\/div>\n<div class=\"titolo-grigio\"><strong>EMPRESA<\/strong><\/div>\n<\/div>\n<p>[\/vc_column_text][vc_separator][\/vc_column][\/vc_row][vc_row][vc_column width=\u00bb1\/2&#8243;][vc_single_image image=\u00bb613&#8243; img_size=\u00bbfull\u00bb css_animation=\u00bbappear\u00bb][vc_column_text]<\/p>\n<p>Durante los a\u00f1os ochenta, en proporci\u00f3n a la expansi\u00f3n de la empresa y al crecimiento del mercado, la empresa GUZZETTI gan\u00f3 fama mundial como fabricante l\u00edder de equipos de cinta adhesiva gracias al dise\u00f1o, construcci\u00f3n y lanzamiento de la primera cortadora \/ rebobinadora completamente autom\u00e1tica .<br \/>\nLa atenci\u00f3n constante de nuestros t\u00e9cnicos siempre se ha dirigido con grandes habilidades hacia el empleo de la \u00faltima tecnolog\u00eda electr\u00f3nica a medida que evoluciona constantemente.<\/p>\n<p>La perspicacia y habilidad persistentes del propietario han posibilitado la adquisici\u00f3n de los conocimientos de otras dos empresas importantes. As\u00ed, GUZZETTI ingres\u00f3 al nuevo milenio como un l\u00edder reconocido indiscutible no solo por sus equipos de corte y rebobinado de cinta, sino tambi\u00e9n por el dise\u00f1o y construcci\u00f3n de l\u00edneas de recubrimiento, de m\u00e1quinas dise\u00f1adas espec\u00edficamente para el procesamiento de materiales de embalaje flexibles y de cinta y envoltura de pel\u00edcula particular. unidades de embalaje.<\/p>\n<p>Como resultado, el paquete completo de alta tecnolog\u00eda completo con \u00abknow how\u00bb para la producci\u00f3n de cinta adhesiva ahora se realiza bajo el mismo techo; desde el recubrimiento hasta el equipo de corte y embalaje hasta el producto terminado, embalado, etiquetado &#8211; listo para el mercado -.<br \/>\nHoy GUZZETTI ocupa un \u00e1rea de 10.000 metros cuadrados. dividido en tres divisiones de producci\u00f3n y ensamblar y contratar el servicio de aproximadamente 120 obreros y empleados.<br \/>\nGracias a la profesionalidad de sus colaboradores, GUZZETTI representa altos est\u00e1ndares de producci\u00f3n, servicio, calidad y confiabilidad.<br \/>\nTodos los esfuerzos est\u00e1n dirigidos al progreso del negocio de conversi\u00f3n de cintas.<\/p>\n<p>&nbsp;<\/p>\n<p>[\/vc_column_text][\/vc_column][vc_column width=\u00bb1\/2&#8243;][vc_column_text]<\/p>\n<p>El negocio de GUZZETTI comenz\u00f3 en 1965 en Turate, una ciudad en la provincia de Como &#8211; Italia &#8211; la misma ubicaci\u00f3n de hoy &#8211; gracias a la inventiva de su fundador, el Sr. Natale GUZZETTI que satisfizo su aspiraci\u00f3n de proyectar dispositivos mec\u00e1nicos inspir\u00e1ndose en la cinta industria en ese momento muy poco automatizado.<br \/>\nLa amistad del Sr. Guzzetti con un joven emprendedor local, involucrado en la fabricaci\u00f3n de cinta adhesiva, provoc\u00f3 su primer invento mec\u00e1nico prometedor, cuya patente condujo al comienzo de la empresa GUZZETTI:<\/p>\n<p>\u00abEl cargador de n\u00facleo de cart\u00f3n autom\u00e1tico para el rebobinado de rollos de cinta adhesiva.\u00bb<\/p>\n<p>Despu\u00e9s de incluir a sus tres hijos (Mario, Franco y Gabriele) en lo que entonces era solo un negocio familiar de m\u00e1quinas-taller, Natale finalmente dio un gran paso adelante y fund\u00f3 GUZZETTI S.p.A.<br \/>\nLa producci\u00f3n inicial del cargador de n\u00facleo autom\u00e1tico se enriqueci\u00f3 posteriormente con m\u00e1quinas dise\u00f1adas para el corte completo y el rebobinado de la cinta. Con el paso de los a\u00f1os, estas m\u00e1quinas se han mejorado continuamente, lo que da como resultado el alto nivel de perfecci\u00f3n de nuestra l\u00ednea de producci\u00f3n actual.<br \/>\nEl \u00abnegocio central\u00bb de GUZZETTI siempre se ha dirigido al mundo industrial de la cinta adhesiva, en estrecho contacto con fabricantes para los cuales GUZZETTI ha mejorado constantemente su propia tecnolog\u00eda, ofreciendo equipos nuevos y mejores y garantizando la m\u00e1xima eficiencia, fiabilidad y productividad.<\/p>\n<p>[\/vc_column_text][\/vc_column][\/vc_row][vc_row][vc_column][vc_column_text][\/vc_column_text][\/vc_column][\/vc_row]<\/p>\n<\/div>","protected":false},"excerpt":{"rendered":"<p>[vc_row css=\u00bb.vc_custom_1764753925528{margin-top: -50px !important;}\u00bb][vc_column][vc_column_text css=\u00bb\u00bb] NUESTRA\u00a0 EMPRESA [\/vc_column_text][vc_separator][\/vc_column][\/vc_row][vc_row][vc_column width=\u00bb1\/2&#8243;][vc_single_image image=\u00bb613&#8243; img_size=\u00bbfull\u00bb css_animation=\u00bbappear\u00bb][vc_column_text] Durante los a\u00f1os ochenta, en proporci\u00f3n a la expansi\u00f3n de la empresa y al crecimiento del mercado, la empresa GUZZETTI gan\u00f3 fama mundial como fabricante l\u00edder de equipos <a href=\"https:\/\/guzzetti.com\/es\/azienda\/\"> Read more&#8230;<\/a><\/p>\n","protected":false},"author":1,"featured_media":0,"parent":0,"menu_order":0,"comment_status":"closed","ping_status":"closed","template":"","meta":{"footnotes":""},"class_list":["post-46","page","type-page","status-publish","hentry"],"_links":{"self":[{"href":"https:\/\/guzzetti.com\/es\/wp-json\/wp\/v2\/pages\/46","targetHints":{"allow":["GET"]}}],"collection":[{"href":"https:\/\/guzzetti.com\/es\/wp-json\/wp\/v2\/pages"}],"about":[{"href":"https:\/\/guzzetti.com\/es\/wp-json\/wp\/v2\/types\/page"}],"author":[{"embeddable":true,"href":"https:\/\/guzzetti.com\/es\/wp-json\/wp\/v2\/users\/1"}],"replies":[{"embeddable":true,"href":"https:\/\/guzzetti.com\/es\/wp-json\/wp\/v2\/comments?post=46"}],"version-history":[{"count":46,"href":"https:\/\/guzzetti.com\/es\/wp-json\/wp\/v2\/pages\/46\/revisions"}],"predecessor-version":[{"id":3928,"href":"https:\/\/guzzetti.com\/es\/wp-json\/wp\/v2\/pages\/46\/revisions\/3928"}],"wp:attachment":[{"href":"https:\/\/guzzetti.com\/es\/wp-json\/wp\/v2\/media?parent=46"}],"curies":[{"name":"wp","href":"https:\/\/api.w.org\/{rel}","templated":true}]}}