{"id":2944,"date":"2022-03-10T15:17:37","date_gmt":"2022-03-10T14:17:37","guid":{"rendered":"https:\/\/guzzetti.com\/?post_type=product&#038;p=2944"},"modified":"2024-03-21T12:05:56","modified_gmt":"2024-03-21T11:05:56","slug":"ts-190","status":"publish","type":"product","link":"https:\/\/guzzetti.com\/es\/prodotto\/ts-190\/","title":{"rendered":"TS 190"},"content":{"rendered":"<p><\/p>\n<ul>\n<li><span style=\"vertical-align: inherit;\"><span style=\"vertical-align: inherit;\"><span style=\"vertical-align: inherit;\">Muy alta flexibilidad para convertir todo tipo de cintas sensibles a la presi\u00f3n<\/span><\/span><\/span><\/li>\n<li><span style=\"vertical-align: inherit;\"><span style=\"vertical-align: inherit;\"><span style=\"vertical-align: inherit;\">Ciclo totalmente autom\u00e1tico con dep\u00f3sito de pesta\u00f1as de papel, corte final, carga y descarga del eje.<\/span><\/span><\/span><\/li>\n<li><span style=\"vertical-align: inherit;\"><span style=\"vertical-align: inherit;\"><span style=\"vertical-align: inherit;\">Posibilidad de estar equipado para cortar con hoja de afeitar, rayar o esquilar.<\/span><\/span><\/span><\/li>\n<li><span style=\"vertical-align: inherit;\"><span style=\"vertical-align: inherit;\"><span style=\"vertical-align: inherit;\">Herramientas de corte dedicadas o universales<\/span><\/span><\/span><\/li>\n<li><span style=\"vertical-align: inherit;\"><span style=\"vertical-align: inherit;\"><span style=\"vertical-align: inherit;\">Una versi\u00f3n para convertir materiales no adhesivos aplicando una tira de cinta de doble cara.<\/span><\/span><\/span><\/li>\n<li><span style=\"vertical-align: inherit;\"><span style=\"vertical-align: inherit;\"><span style=\"vertical-align: inherit;\">Diferentes tipos de estaciones de desenrollado: con freno o accionadas, con eje de expansi\u00f3n o sin eje<\/span><\/span><\/span><\/li>\n<li><span style=\"vertical-align: inherit;\"><span style=\"vertical-align: inherit;\"><span style=\"vertical-align: inherit;\">Posibilidad de equiparse con una estaci\u00f3n Pack Rolls para bobinado \u201csin ojos de pez\u201d<\/span><\/span><\/span><\/li>\n<li><span style=\"vertical-align: inherit;\"><span style=\"vertical-align: inherit;\"><span style=\"vertical-align: inherit;\">Posibilidad de interconectarlo para conexi\u00f3n a l\u00edneas de envasado.<\/span><\/span><\/span><\/li>\n<li><span style=\"vertical-align: inherit;\"><span style=\"vertical-align: inherit;\"><span style=\"vertical-align: inherit;\">Opci\u00f3n de cambio de tama\u00f1o de corte r\u00e1pido<\/span><\/span><\/span><\/li>\n<\/ul>\n<p><\/p>","protected":false},"excerpt":{"rendered":"<p><span style=\"vertical-align: inherit;\"><span style=\"vertical-align: inherit;\">TS 190 es una m\u00e1quina de nuevo dise\u00f1o que representa hoy la mejor opci\u00f3n en t\u00e9rminos de eficiencia y flexibilidad.<\/span><\/span><\/p>\n<p><span style=\"vertical-align: inherit;\"><span style=\"vertical-align: inherit;\">El notable ciclo de producci\u00f3n de unos 27 segundos. <\/span><span style=\"vertical-align: inherit;\">para rollos de 50 mm de ancho y 50 m de largo, la TS 190 es la cortadora m\u00e1s productiva disponible en el mercado en comparaci\u00f3n con m\u00e1quinas del mismo tipo. <\/span><\/span><br \/>\n<span style=\"vertical-align: inherit;\"><span style=\"vertical-align: inherit;\">La cortadora est\u00e1 equipada con un sistema para la carga de los n\u00facleos vac\u00edos y la descarga de los rollos terminados sin necesidad del operador. <\/span><span style=\"vertical-align: inherit;\">Los ejes con los rollos terminados son descargados de la m\u00e1quina mediante un sistema robotizado dotado de 2 brazos mec\u00e1nicos. <\/span><span style=\"vertical-align: inherit;\">Los mismos brazos se encargar\u00e1n de sustituir los ejes con los n\u00facleos vac\u00edos en la posici\u00f3n adecuada dentro de la m\u00e1quina. <\/span><span style=\"vertical-align: inherit;\">Los rollos terminados normalmente se descargan horizontal o verticalmente para ser transportados mediante cintas modulares a una l\u00ednea de envasado. <\/span><\/span><br \/>\n<span style=\"vertical-align: inherit;\"><span style=\"vertical-align: inherit;\">TS190 es ideal tanto para los convertidores expertos, plenamente insertados en la industria de la conversi\u00f3n, como para aquellos que quieren irrumpir en el campo, gracias a la facilidad de uso, la eficiencia, los bajos costos y la extraordinaria flexibilidad en el procesamiento de diferentes tipos de materiales.<\/span><\/span><\/p>\n","protected":false},"featured_media":3058,"template":"","meta":[],"product_brand":[],"product_cat":[43,29,27,17],"product_tag":[48,46,47],"class_list":{"0":"post-2944","1":"product","2":"type-product","3":"status-publish","4":"has-post-thumbnail","6":"product_cat-uncategorized","7":"product_cat-alta-flessibilita","8":"product_cat-automatiche","9":"product_cat-taglierine","10":"product_tag-alta-flessibilita","11":"product_tag-taglierina","12":"product_tag-taglierine","14":"first","15":"onbackorder","16":"shipping-taxable","17":"product-type-simple"},"_links":{"self":[{"href":"https:\/\/guzzetti.com\/es\/wp-json\/wp\/v2\/product\/2944","targetHints":{"allow":["GET"]}}],"collection":[{"href":"https:\/\/guzzetti.com\/es\/wp-json\/wp\/v2\/product"}],"about":[{"href":"https:\/\/guzzetti.com\/es\/wp-json\/wp\/v2\/types\/product"}],"wp:featuredmedia":[{"embeddable":true,"href":"https:\/\/guzzetti.com\/es\/wp-json\/wp\/v2\/media\/3058"}],"wp:attachment":[{"href":"https:\/\/guzzetti.com\/es\/wp-json\/wp\/v2\/media?parent=2944"}],"wp:term":[{"taxonomy":"product_brand","embeddable":true,"href":"https:\/\/guzzetti.com\/es\/wp-json\/wp\/v2\/product_brand?post=2944"},{"taxonomy":"product_cat","embeddable":true,"href":"https:\/\/guzzetti.com\/es\/wp-json\/wp\/v2\/product_cat?post=2944"},{"taxonomy":"product_tag","embeddable":true,"href":"https:\/\/guzzetti.com\/es\/wp-json\/wp\/v2\/product_tag?post=2944"}],"curies":[{"name":"wp","href":"https:\/\/api.w.org\/{rel}","templated":true}]}}