{"id":3023,"date":"2024-03-15T14:46:26","date_gmt":"2024-03-15T13:46:26","guid":{"rendered":"https:\/\/guzzetti.com\/?post_type=product&#038;p=3023"},"modified":"2024-05-20T16:35:06","modified_gmt":"2024-05-20T14:35:06","slug":"ms-60","status":"publish","type":"product","link":"https:\/\/guzzetti.com\/es\/prodotto\/ms-60\/","title":{"rendered":"MS 60"},"content":{"rendered":"<p><\/p>\n<h1>DESCRIPTION<\/h1>\n<ul>\n<li>Adjustable carton magazine<\/li>\n<li>Box opening and moving by vacuum<\/li>\n<li>Automatic box filling station by interchangeable groups<\/li>\n<li>Quick change of production with minimum adjustment<\/li>\n<li>Box closing unit by means of self-adhesive taping group<\/li>\n<li>Minimum maintenance<\/li>\n<li>Possibility of connection with one Guzzetti automatic case packer.<\/li>\n<\/ul>\n<h1>TECHNICAL DATA<\/h1>\n<ul>\n<li>Pneumatic feeding: 6 Bar<\/li>\n<li>Air consumption: 500 Nlt\/min.<\/li>\n<li>Carton magazine capacity: 100<\/li>\n<\/ul>\n<h1>PRODUCTION DATA<\/h1>\n<ul>\n<li>Output: max. 36 layers or max. 6 cartons\/min<\/li>\n<\/ul>\n<p><\/p>","protected":false},"excerpt":{"rendered":"<p><span style=\"vertical-align: inherit;\"><span style=\"vertical-align: inherit;\">La m\u00e1quina de cart\u00f3n MS 60 est\u00e1 equipada para formar y llenar cajas de cart\u00f3n con rollos de cinta adhesiva en varias capas. Las cajas de cart\u00f3n (tipo americano), cerradas y apiladas en la zona de almacenamiento, son recogidas por un brazo mec\u00e1nico y formadas. Una vez llenas las cajas, la m\u00e1quina las sella. <\/span><\/span><br \/>\n<span style=\"vertical-align: inherit;\"><span style=\"vertical-align: inherit;\">La unidad base est\u00e1 equipada con formatos espec\u00edficos seg\u00fan las dimensiones de la caja a utilizar.<\/span><\/span><\/p>\n","protected":false},"featured_media":3036,"template":"","meta":[],"product_brand":[],"product_cat":[43,18,35],"product_tag":[96,107,108],"class_list":{"0":"post-3023","1":"product","2":"type-product","3":"status-publish","4":"has-post-thumbnail","6":"product_cat-uncategorized","7":"product_cat-confezionamento","8":"product_cat-incartonatrici","9":"product_tag-confezionamento","10":"product_tag-incartonatrici","11":"product_tag-ms-30","13":"first","14":"instock","15":"shipping-taxable","16":"product-type-simple"},"_links":{"self":[{"href":"https:\/\/guzzetti.com\/es\/wp-json\/wp\/v2\/product\/3023","targetHints":{"allow":["GET"]}}],"collection":[{"href":"https:\/\/guzzetti.com\/es\/wp-json\/wp\/v2\/product"}],"about":[{"href":"https:\/\/guzzetti.com\/es\/wp-json\/wp\/v2\/types\/product"}],"wp:featuredmedia":[{"embeddable":true,"href":"https:\/\/guzzetti.com\/es\/wp-json\/wp\/v2\/media\/3036"}],"wp:attachment":[{"href":"https:\/\/guzzetti.com\/es\/wp-json\/wp\/v2\/media?parent=3023"}],"wp:term":[{"taxonomy":"product_brand","embeddable":true,"href":"https:\/\/guzzetti.com\/es\/wp-json\/wp\/v2\/product_brand?post=3023"},{"taxonomy":"product_cat","embeddable":true,"href":"https:\/\/guzzetti.com\/es\/wp-json\/wp\/v2\/product_cat?post=3023"},{"taxonomy":"product_tag","embeddable":true,"href":"https:\/\/guzzetti.com\/es\/wp-json\/wp\/v2\/product_tag?post=3023"}],"curies":[{"name":"wp","href":"https:\/\/api.w.org\/{rel}","templated":true}]}}