{"id":3178,"date":"2024-03-21T13:05:34","date_gmt":"2024-03-21T12:05:34","guid":{"rendered":"https:\/\/guzzetti.com\/?post_type=product&#038;p=3178"},"modified":"2024-03-21T14:01:29","modified_gmt":"2024-03-21T13:01:29","slug":"ng-190e-210e","status":"publish","type":"product","link":"https:\/\/guzzetti.com\/es\/prodotto\/ng-190e-210e\/","title":{"rendered":"NG 190E &#038; 210E"},"content":{"rendered":"<p><span style=\"vertical-align: inherit;\"><span style=\"vertical-align: inherit;\">DESCRIPCI\u00d3N<\/span><\/span><\/p>\n<ul>\n<li><span style=\"vertical-align: inherit;\"><span style=\"vertical-align: inherit;\">Equipado con \u00fatiles de corte de nuevo dise\u00f1o que garantizan la m\u00e1xima accesibilidad y la posibilidad de cambiar los \u00fatiles de corte en tan solo 10 minutos en tiempo real.<\/span><\/span><\/li>\n<li><span style=\"vertical-align: inherit;\"><span style=\"vertical-align: inherit;\">Puede ser totalmente cerrado para insonorizar contra la contaminaci\u00f3n ac\u00fastica en la planta.<\/span><\/span><\/li>\n<li><span style=\"vertical-align: inherit;\"><span style=\"vertical-align: inherit;\">Provisto de diferentes sistemas de descarga que permiten una perfecta combinaci\u00f3n con maquinaria de envasado \u00aben l\u00ednea\u00bb que requiera alimentaci\u00f3n por rollo plano o vertical.<\/span><\/span><\/li>\n<li><span style=\"vertical-align: inherit;\"><span style=\"vertical-align: inherit;\">Ofrece una variedad de estaciones de relajaci\u00f3n para satisfacer cualquier necesidad de trabajo.<\/span><\/span><\/li>\n<li><span style=\"vertical-align: inherit;\"><span style=\"vertical-align: inherit;\">Adecuado para el procesamiento de cualquier tipo de material adhesivo (y tambi\u00e9n material no adhesivo en el caso de la versi\u00f3n especial NA).<\/span><\/span><\/li>\n<li><span style=\"vertical-align: inherit;\"><span style=\"vertical-align: inherit;\">Rebobina materiales en n\u00facleos de 3&#8243; \u00d8 y tambi\u00e9n puede equiparse para rebobinar en n\u00facleos de 1,5&#8243; y 2&#8243; \u00d8.<\/span><\/span><\/li>\n<li><span style=\"vertical-align: inherit;\"><span style=\"vertical-align: inherit;\">Puede equiparse con tres sistemas de corte diferentes: <\/span><\/span><br \/>\n<span style=\"vertical-align: inherit;\"><span style=\"vertical-align: inherit;\">&#8211; navaja <\/span><\/span><br \/>\n<span style=\"vertical-align: inherit;\"><span style=\"vertical-align: inherit;\">&#8211; ranura <\/span><\/span><br \/>\n<span style=\"vertical-align: inherit;\"><span style=\"vertical-align: inherit;\">&#8211; cizalla<\/span><\/span><\/li>\n<\/ul>\n<p><span style=\"vertical-align: inherit;\"><span style=\"vertical-align: inherit;\">DATOS T\u00c9CNICOS<\/span><\/span><\/p>\n<ul>\n<li><span style=\"vertical-align: inherit;\"><span style=\"vertical-align: inherit;\">Ancho de banda: 1000 mm\u00f72100 mm<\/span><\/span><\/li>\n<li><span style=\"vertical-align: inherit;\"><span style=\"vertical-align: inherit;\">Tama\u00f1os de corte: 9 mm\u00f7100 mm<\/span><\/span><\/li>\n<li><span style=\"vertical-align: inherit;\"><span style=\"vertical-align: inherit;\"><span style=\"vertical-align: inherit;\"><span style=\"vertical-align: inherit;\">Di\u00e1metro m\u00e1ximo de rebobinado:<\/span><\/span><\/span><\/span>\n<ul>\n<li><span style=\"vertical-align: inherit;\"><span style=\"vertical-align: inherit;\">NG190E: 190 mm (250 mm bajo pedido)<\/span><\/span><\/li>\n<li><span style=\"vertical-align: inherit;\"><span style=\"vertical-align: inherit;\">NG210E: 210 mm (250 mm bajo pedido)<\/span><\/span><\/li>\n<\/ul>\n<\/li>\n<li><span style=\"vertical-align: inherit;\"><span style=\"vertical-align: inherit;\"><span style=\"vertical-align: inherit;\"><span style=\"vertical-align: inherit;\">Di\u00e1metro m\u00e1ximo de desenrollado: 800 mm\u00f71200 mm<\/span><\/span><\/span><\/span>\n<ul>\n<li><span style=\"vertical-align: inherit;\"><span style=\"vertical-align: inherit;\"><span style=\"vertical-align: inherit;\"><span style=\"vertical-align: inherit;\">NG190E: 190 mm (250 mm bajo pedido)<\/span><\/span><\/span><\/span><\/li>\n<li><span style=\"vertical-align: inherit;\"><span style=\"vertical-align: inherit;\"><span style=\"vertical-align: inherit;\"><span style=\"vertical-align: inherit;\">NG210E: 210 mm (250 mm bajo pedido)<\/span><\/span><\/span><\/span><\/li>\n<\/ul>\n<\/li>\n<li><span style=\"vertical-align: inherit;\"><span style=\"vertical-align: inherit;\">Cambio de tama\u00f1o de corte con el tiempo: 10 min.<\/span><\/span><\/li>\n<\/ul>\n<p><span style=\"vertical-align: inherit;\"><span style=\"vertical-align: inherit;\">DATOS DE PRODUCCION<\/span><\/span><\/p>\n<ul>\n<li><span style=\"vertical-align: inherit;\"><span style=\"vertical-align: inherit;\"><span style=\"vertical-align: inherit;\"><span style=\"vertical-align: inherit;\">Tiempo de ciclo de 50 m:<\/span><\/span><\/span><\/span>\n<ul>\n<li><span style=\"vertical-align: inherit;\"><span style=\"vertical-align: inherit;\"><span style=\"vertical-align: inherit;\"><span style=\"vertical-align: inherit;\">NG190E: 190 mm: 17 seg.<\/span><\/span><\/span><\/span><\/li>\n<li><span style=\"vertical-align: inherit;\"><span style=\"vertical-align: inherit;\"><span style=\"vertical-align: inherit;\"><span style=\"vertical-align: inherit;\">NG210E: 210 mm: 22 seg.<\/span><\/span><\/span><\/span><\/li>\n<\/ul>\n<\/li>\n<li><span style=\"vertical-align: inherit;\"><span style=\"vertical-align: inherit;\">Velocidad m\u00e1xima de corte:<\/span><\/span>\n<ul>\n<li><span style=\"vertical-align: inherit;\"><span style=\"vertical-align: inherit;\"><span style=\"vertical-align: inherit;\"><span style=\"vertical-align: inherit;\">NG190E: 450 m\/min<\/span><\/span><\/span><\/span><\/li>\n<li><span style=\"vertical-align: inherit;\"><span style=\"vertical-align: inherit;\"><span style=\"vertical-align: inherit;\"><span style=\"vertical-align: inherit;\">NG210E: 350 m\/min<\/span><\/span><\/span><\/span><\/li>\n<\/ul>\n<\/li>\n<\/ul>\n<p><\/p>","protected":false},"excerpt":{"rendered":"<p><span style=\"vertical-align: inherit;\"><span style=\"vertical-align: inherit;\"><span style=\"vertical-align: inherit;\">Las cortadoras NG 190E y NG10E son una concentraci\u00f3n de las tecnolog\u00edas m\u00e1s avanzadas, son los modelos b\u00e1sicos de la serie \u00abNueva Generaci\u00f3n\u00bb.<\/span><\/span><\/span><\/p>\n<p><span style=\"vertical-align: inherit;\"><span style=\"vertical-align: inherit;\"><span style=\"vertical-align: inherit;\">Se trata de cortadores de cintas autoadhesivas controlados electr\u00f3nicamente que utilizan, adem\u00e1s de los elementos habituales de automatizaci\u00f3n, un ordenador para la fabricaci\u00f3n y el control de procesos, as\u00ed como para la memorizaci\u00f3n de las listas de fabricaci\u00f3n de los distintos productos.<\/span><\/span><\/span><\/p>\n<p><span style=\"vertical-align: inherit;\"><span style=\"vertical-align: inherit;\"><span style=\"vertical-align: inherit;\">El nuevo dise\u00f1o del sistema permite al operador realizar sus tareas rutinarias con extrema facilidad y m\u00e1xima seguridad.<\/span><\/span><\/span><\/p>\n","protected":false},"featured_media":2835,"template":"","meta":[],"product_brand":[],"product_cat":[43,28,17],"product_tag":[66,72,46,47],"class_list":{"0":"post-3178","1":"product","2":"type-product","3":"status-publish","4":"has-post-thumbnail","6":"product_cat-uncategorized","7":"product_cat-alta-produttivita","8":"product_cat-taglierine","9":"product_tag-alta-produttivita","10":"product_tag-ng-210","11":"product_tag-taglierina","12":"product_tag-taglierine","14":"first","15":"instock","16":"shipping-taxable","17":"product-type-simple"},"_links":{"self":[{"href":"https:\/\/guzzetti.com\/es\/wp-json\/wp\/v2\/product\/3178","targetHints":{"allow":["GET"]}}],"collection":[{"href":"https:\/\/guzzetti.com\/es\/wp-json\/wp\/v2\/product"}],"about":[{"href":"https:\/\/guzzetti.com\/es\/wp-json\/wp\/v2\/types\/product"}],"wp:featuredmedia":[{"embeddable":true,"href":"https:\/\/guzzetti.com\/es\/wp-json\/wp\/v2\/media\/2835"}],"wp:attachment":[{"href":"https:\/\/guzzetti.com\/es\/wp-json\/wp\/v2\/media?parent=3178"}],"wp:term":[{"taxonomy":"product_brand","embeddable":true,"href":"https:\/\/guzzetti.com\/es\/wp-json\/wp\/v2\/product_brand?post=3178"},{"taxonomy":"product_cat","embeddable":true,"href":"https:\/\/guzzetti.com\/es\/wp-json\/wp\/v2\/product_cat?post=3178"},{"taxonomy":"product_tag","embeddable":true,"href":"https:\/\/guzzetti.com\/es\/wp-json\/wp\/v2\/product_tag?post=3178"}],"curies":[{"name":"wp","href":"https:\/\/api.w.org\/{rel}","templated":true}]}}