{"id":3182,"date":"2024-03-22T10:34:12","date_gmt":"2024-03-22T09:34:12","guid":{"rendered":"https:\/\/guzzetti.com\/?post_type=product&#038;p=3182"},"modified":"2024-03-22T11:04:08","modified_gmt":"2024-03-22T10:04:08","slug":"msg-1000","status":"publish","type":"product","link":"https:\/\/guzzetti.com\/es\/prodotto\/msg-1000\/","title":{"rendered":"MSG 1000"},"content":{"rendered":"<p><\/p>\n<h1><span style=\"vertical-align: inherit;\"><span style=\"vertical-align: inherit;\">DESCRIPCI\u00d3N<\/span><\/span><\/h1>\n<ul>\n<li><span style=\"vertical-align: inherit;\"><span style=\"vertical-align: inherit;\">Indicaci\u00f3n de puntero l\u00e1ser para posicionamiento central<\/span><\/span><\/li>\n<li><span style=\"vertical-align: inherit;\"><span style=\"vertical-align: inherit;\">Cilindro de espacio m\u00ednimo<\/span><\/span><\/li>\n<li><span style=\"vertical-align: inherit;\"><span style=\"vertical-align: inherit;\">Posibilidad de equiparse con: hoja de afeitar; <\/span><span style=\"vertical-align: inherit;\">corte por puntuaci\u00f3n o cizalla<\/span><\/span><\/li>\n<li><span style=\"vertical-align: inherit;\"><span style=\"vertical-align: inherit;\">Aplicaci\u00f3n autom\u00e1tica de pesta\u00f1a final<\/span><\/span><\/li>\n<li><span style=\"vertical-align: inherit;\"><span style=\"vertical-align: inherit;\">Descarga de rollos en torreta giratoria.<\/span><\/span><\/li>\n<li><span style=\"vertical-align: inherit;\"><span style=\"vertical-align: inherit;\">Rebobinador de dos ejes con brazo para recogida de bobinas.<\/span><\/span><\/li>\n<li><span style=\"vertical-align: inherit;\"><span style=\"vertical-align: inherit;\">Eje tipo diferencial con embragues Cam Lock<\/span><\/span><\/li>\n<li><span style=\"vertical-align: inherit;\"><span style=\"vertical-align: inherit;\">Posibilidad de aplicaci\u00f3n de cinta adhesiva de doble cara para trabajos con material con liner o no adhesivo<\/span><\/span><\/li>\n<li><span style=\"vertical-align: inherit;\"><span style=\"vertical-align: inherit;\">Diferentes tipos de estaci\u00f3n de desenrollado disponibles: con freno o accionado, con eje de expansi\u00f3n o sin eje<\/span><\/span><\/li>\n<\/ul>\n<h1><span style=\"vertical-align: inherit;\"><span style=\"vertical-align: inherit;\">DATOS T\u00c9CNICOS<\/span><\/span><\/h1>\n<ul>\n<li><span style=\"vertical-align: inherit;\"><span style=\"vertical-align: inherit;\">Ancho de banda: 1000 \u00f7 2000 mm<\/span><\/span><\/li>\n<li><span style=\"vertical-align: inherit;\"><span style=\"vertical-align: inherit;\">Tama\u00f1os de corte: desde 19 mm con EJES CAM LOCK<\/span><\/span><\/li>\n<li><span style=\"vertical-align: inherit;\"><span style=\"vertical-align: inherit;\">Di\u00e1metro m\u00e1ximo de rebobinado: 1000 mm<\/span><\/span><\/li>\n<\/ul>\n<h1><span style=\"vertical-align: inherit;\"><span style=\"vertical-align: inherit;\">DATOS DE PRODUCCION<\/span><\/span><\/h1>\n<ul>\n<li><span style=\"vertical-align: inherit;\"><span style=\"vertical-align: inherit;\">Velocidad m\u00e1xima de corte: 500 mt\/min <\/span><\/span><br \/>\n<em style=\"letter-spacing: 0.5px; word-spacing: 0.5px;\"><span style=\"vertical-align: inherit;\"><span style=\"vertical-align: inherit;\">La velocidad de corte puede depender del tipo de material a cortar<\/span><\/span><\/em><\/li>\n<\/ul>\n<p><\/p>","protected":false},"excerpt":{"rendered":"<p><span style=\"vertical-align: inherit;\"><span style=\"vertical-align: inherit;\">La MSG 1000 es una cortadora rebobinadora de dos ejes especial concebida para cortar y rebobinar rollos de cinta adhesiva que alcanzan un di\u00e1metro m\u00e1ximo de 1000 mm. <\/span><span style=\"vertical-align: inherit;\">Las caracter\u00edsticas especiales pueden enriquecer esta unidad para hacerla cada vez m\u00e1s adecuada a necesidades de producci\u00f3n particulares.<\/span><\/span><\/p>\n","protected":false},"featured_media":3187,"template":"","meta":[],"product_brand":[],"product_cat":[43,31,17],"product_tag":[83,87,60,82,46,47],"class_list":{"0":"post-3182","1":"product","2":"type-product","3":"status-publish","4":"has-post-thumbnail","6":"product_cat-uncategorized","7":"product_cat-speciali-barrettatrici","8":"product_cat-taglierine","9":"product_tag-barrettatrici","10":"product_tag-msg-600-800","11":"product_tag-speciali","12":"product_tag-speciali-e-barrettatrici","13":"product_tag-taglierina","14":"product_tag-taglierine","16":"first","17":"instock","18":"shipping-taxable","19":"product-type-simple"},"_links":{"self":[{"href":"https:\/\/guzzetti.com\/es\/wp-json\/wp\/v2\/product\/3182","targetHints":{"allow":["GET"]}}],"collection":[{"href":"https:\/\/guzzetti.com\/es\/wp-json\/wp\/v2\/product"}],"about":[{"href":"https:\/\/guzzetti.com\/es\/wp-json\/wp\/v2\/types\/product"}],"wp:featuredmedia":[{"embeddable":true,"href":"https:\/\/guzzetti.com\/es\/wp-json\/wp\/v2\/media\/3187"}],"wp:attachment":[{"href":"https:\/\/guzzetti.com\/es\/wp-json\/wp\/v2\/media?parent=3182"}],"wp:term":[{"taxonomy":"product_brand","embeddable":true,"href":"https:\/\/guzzetti.com\/es\/wp-json\/wp\/v2\/product_brand?post=3182"},{"taxonomy":"product_cat","embeddable":true,"href":"https:\/\/guzzetti.com\/es\/wp-json\/wp\/v2\/product_cat?post=3182"},{"taxonomy":"product_tag","embeddable":true,"href":"https:\/\/guzzetti.com\/es\/wp-json\/wp\/v2\/product_tag?post=3182"}],"curies":[{"name":"wp","href":"https:\/\/api.w.org\/{rel}","templated":true}]}}