{"id":3188,"date":"2024-03-22T17:29:52","date_gmt":"2024-03-22T16:29:52","guid":{"rendered":"https:\/\/guzzetti.com\/?post_type=product&#038;p=3188"},"modified":"2024-03-28T18:08:47","modified_gmt":"2024-03-28T17:08:47","slug":"rs-3-dp","status":"publish","type":"product","link":"https:\/\/guzzetti.com\/es\/prodotto\/rs-3-dp\/","title":{"rendered":"RS 3 DP"},"content":{"rendered":"<p><\/p>\n<ul>\n<li><span style=\"vertical-align: inherit;\"><span style=\"vertical-align: inherit;\">longitud de la barra de soldadura: 1200 mm<\/span><\/span><\/li>\n<li><span style=\"vertical-align: inherit;\"><span style=\"vertical-align: inherit;\">desenrollado autom\u00e1tico de pel\u00edcula<\/span><\/span><\/li>\n<li><span style=\"vertical-align: inherit;\"><span style=\"vertical-align: inherit;\">ancho m\u00e1ximo de la pel\u00edcula: 1180 mm<\/span><\/span><\/li>\n<li><span style=\"vertical-align: inherit;\"><span style=\"vertical-align: inherit;\">\u00d8 m\u00e1ximo del rollo de pel\u00edcula: 300 mm<\/span><\/span><\/li>\n<li><span style=\"vertical-align: inherit;\"><span style=\"vertical-align: inherit;\">tipo de pel\u00edcula: PE o PVC de 25 a 50 \u03bc<\/span><\/span><\/li>\n<li><span style=\"vertical-align: inherit;\"><span style=\"vertical-align: inherit;\">control electr\u00f3nico de la temperatura de soldadura<\/span><\/span><\/li>\n<li><span style=\"vertical-align: inherit;\"><span style=\"vertical-align: inherit;\">Transporte de productos mediante transportador de rodillos.<\/span><\/span><\/li>\n<li><span style=\"vertical-align: inherit;\"><span style=\"vertical-align: inherit;\">control de velocidad de la cinta transportadora<\/span><\/span><\/li>\n<li><span style=\"vertical-align: inherit;\"><span style=\"vertical-align: inherit;\">Contracci\u00f3n de la pel\u00edcula mediante sopladores de aire caliente Leister<\/span><\/span><\/li>\n<li><span style=\"vertical-align: inherit;\"><span style=\"vertical-align: inherit;\">cambio r\u00e1pido de producci\u00f3n con ajuste m\u00ednimo<\/span><\/span><\/li>\n<li><span style=\"vertical-align: inherit;\"><span style=\"vertical-align: inherit;\">mantenimiento m\u00ednimo<\/span><\/span><\/li>\n<li><span style=\"vertical-align: inherit;\"><span style=\"vertical-align: inherit;\">posibilidad de integraci\u00f3n en l\u00edneas de producci\u00f3n completas con cortadora autom\u00e1tica y estuchadora autom\u00e1tica Mod. <\/span><span style=\"vertical-align: inherit;\">CS6<\/span><\/span><\/li>\n<\/ul>\n<h1><span style=\"vertical-align: inherit;\"><span style=\"vertical-align: inherit;\">DATOS T\u00c9CNICOS<\/span><\/span><\/h1>\n<ul>\n<li><span style=\"vertical-align: inherit;\"><span style=\"vertical-align: inherit;\">Alimentaci\u00f3n neum\u00e1tica: 6 Bar<\/span><\/span><\/li>\n<li><span style=\"vertical-align: inherit;\"><span style=\"vertical-align: inherit;\">Consumo de aire: 100 lt\/min<\/span><\/span><\/li>\n<li><span style=\"vertical-align: inherit;\"><span style=\"vertical-align: inherit;\">Tipo de embalaje: acorde\u00f3n\/torre<\/span><\/span><\/li>\n<\/ul>\n<h1><span style=\"vertical-align: inherit;\"><span style=\"vertical-align: inherit;\">DATOS DE PRODUCCION<\/span><\/span><\/h1>\n<ul>\n<li><span style=\"vertical-align: inherit;\"><span style=\"vertical-align: inherit;\">Salida: alrededor de 36 paquetes\/min &#8211; 2 paquetes por ciclo<\/span><\/span><\/li>\n<\/ul>\n<p><\/p>","protected":false},"excerpt":{"rendered":"<p><span style=\"vertical-align: inherit;\"><span style=\"vertical-align: inherit;\">La envolvedora autom\u00e1tica mod. <\/span><span style=\"vertical-align: inherit;\">RS 3 est\u00e1 concebido para el envoltorio de rollos de cinta adhesiva con material termocontra\u00edble en configuraci\u00f3n de acorde\u00f3n o torre. <\/span><\/span><br \/>\n<span style=\"vertical-align: inherit;\"><span style=\"vertical-align: inherit;\">Este tipo de embalaje permite combinar m\u00e1s productos entre s\u00ed, puestos uno al lado del otro evitando que entren en contacto y por tanto se peguen.<\/span><\/span><\/p>\n<p><span style=\"vertical-align: inherit;\"><span style=\"vertical-align: inherit;\">Dado el ancho de la barra de sellado y la posibilidad de utilizar film termorretr\u00e1ctil de hasta 1200 mm de ancho, puede procesar dos torres o dos concertinas por cada ciclo, duplicando as\u00ed la capacidad de producci\u00f3n de la RS 3.<\/span><\/span><\/p>\n<p><span style=\"vertical-align: inherit;\"><span style=\"vertical-align: inherit;\">La m\u00e1quina puede equiparse con un sistema de etiquetado autom\u00e1tico.<\/span><\/span><\/p>\n","protected":false},"featured_media":3193,"template":"","meta":[],"product_brand":[],"product_cat":[18,33],"product_tag":[96,100,101],"class_list":{"0":"post-3188","1":"product","2":"type-product","3":"status-publish","4":"has-post-thumbnail","6":"product_cat-confezionamento","7":"product_cat-fisarmonica-torre","8":"product_tag-confezionamento","9":"product_tag-fisarmonica-e-torre","10":"product_tag-rs-3","12":"first","13":"instock","14":"shipping-taxable","15":"product-type-simple"},"_links":{"self":[{"href":"https:\/\/guzzetti.com\/es\/wp-json\/wp\/v2\/product\/3188","targetHints":{"allow":["GET"]}}],"collection":[{"href":"https:\/\/guzzetti.com\/es\/wp-json\/wp\/v2\/product"}],"about":[{"href":"https:\/\/guzzetti.com\/es\/wp-json\/wp\/v2\/types\/product"}],"wp:featuredmedia":[{"embeddable":true,"href":"https:\/\/guzzetti.com\/es\/wp-json\/wp\/v2\/media\/3193"}],"wp:attachment":[{"href":"https:\/\/guzzetti.com\/es\/wp-json\/wp\/v2\/media?parent=3188"}],"wp:term":[{"taxonomy":"product_brand","embeddable":true,"href":"https:\/\/guzzetti.com\/es\/wp-json\/wp\/v2\/product_brand?post=3188"},{"taxonomy":"product_cat","embeddable":true,"href":"https:\/\/guzzetti.com\/es\/wp-json\/wp\/v2\/product_cat?post=3188"},{"taxonomy":"product_tag","embeddable":true,"href":"https:\/\/guzzetti.com\/es\/wp-json\/wp\/v2\/product_tag?post=3188"}],"curies":[{"name":"wp","href":"https:\/\/api.w.org\/{rel}","templated":true}]}}