{"id":717,"date":"2018-02-15T11:53:39","date_gmt":"2018-02-15T10:53:39","guid":{"rendered":"http:\/\/dev.guzzetti.com\/?post_type=product&#038;p=717"},"modified":"2025-12-04T15:00:57","modified_gmt":"2025-12-04T14:00:57","slug":"tecnicoater-m-p","status":"publish","type":"product","link":"https:\/\/guzzetti.com\/es\/prodotto\/tecnicoater-m-p\/","title":{"rendered":"TECNICOATER M P"},"content":{"rendered":"","protected":false},"excerpt":{"rendered":"<p>La l\u00ednea de recubrimiento <strong>TECNICOATER M P (Multiuso)<\/strong> es la inversi\u00f3n perfecta para todos aquellos que desean producir diversos tipos de cintas adhesivas y pel\u00edculas protectoras con una m\u00e1quina dise\u00f1ada para ser flexible y permitir la fabricaci\u00f3n de una amplia gama de productos, obtenibles mediante tecnolog\u00edas de recubrimiento para diferentes tipos de adhesivos sobre polietileno (PE) o PVC.<\/p>\n<div>\n<p>Tambi\u00e9n se pueden obtener otras cintas adhesivas que requieren tratamiento de <strong>\u201cprimer\u201d<\/strong> y\/o <strong>\u201crelease\u201d<\/strong>, o productos donde solo se necesita el recubrimiento autoadhesivo.<\/p>\n<p>La composici\u00f3n modular de la l\u00ednea se basa en estaciones de recubrimiento intercambiables y permite la aplicaci\u00f3n de diferentes tipos de adhesivos.<\/p>\n<p>Como resultado, la l\u00ednea permite la producci\u00f3n de pel\u00edculas protectoras con distintos tipos de adhesivos:<\/p>\n<ul>\n<li>Adhesivo de caucho a base de disolvente<\/li>\n<li>Adhesivo acr\u00edlico a base de disolvente<\/li>\n<li>Adhesivo acr\u00edlico a base de agua<\/li>\n<\/ul>\n<p>Los productos finales pueden utilizarse en muchas aplicaciones diferentes: pel\u00edculas protectoras de superficies, cintas de embalaje, cintas de doble cara, productos especiales.<\/p>\n<\/div>\n","protected":false},"featured_media":2743,"template":"","meta":[],"product_brand":[],"product_cat":[43,16,26],"product_tag":[52,60,61],"class_list":{"0":"post-717","1":"product","2":"type-product","3":"status-publish","4":"has-post-thumbnail","6":"product_cat-uncategorized","7":"product_cat-spalmatrici","8":"product_cat-speciali","9":"product_tag-spalmatrici","10":"product_tag-speciali","11":"product_tag-tecnicoater-m-p","13":"first","14":"instock","15":"shipping-taxable","16":"product-type-simple"},"_links":{"self":[{"href":"https:\/\/guzzetti.com\/es\/wp-json\/wp\/v2\/product\/717","targetHints":{"allow":["GET"]}}],"collection":[{"href":"https:\/\/guzzetti.com\/es\/wp-json\/wp\/v2\/product"}],"about":[{"href":"https:\/\/guzzetti.com\/es\/wp-json\/wp\/v2\/types\/product"}],"wp:featuredmedia":[{"embeddable":true,"href":"https:\/\/guzzetti.com\/es\/wp-json\/wp\/v2\/media\/2743"}],"wp:attachment":[{"href":"https:\/\/guzzetti.com\/es\/wp-json\/wp\/v2\/media?parent=717"}],"wp:term":[{"taxonomy":"product_brand","embeddable":true,"href":"https:\/\/guzzetti.com\/es\/wp-json\/wp\/v2\/product_brand?post=717"},{"taxonomy":"product_cat","embeddable":true,"href":"https:\/\/guzzetti.com\/es\/wp-json\/wp\/v2\/product_cat?post=717"},{"taxonomy":"product_tag","embeddable":true,"href":"https:\/\/guzzetti.com\/es\/wp-json\/wp\/v2\/product_tag?post=717"}],"curies":[{"name":"wp","href":"https:\/\/api.w.org\/{rel}","templated":true}]}}