{"id":881,"date":"2018-02-16T10:10:00","date_gmt":"2018-02-16T09:10:00","guid":{"rendered":"http:\/\/dev.guzzetti.com\/?post_type=product&#038;p=881"},"modified":"2018-04-20T18:26:50","modified_gmt":"2018-04-20T16:26:50","slug":"se-80-e-se-80-pr","status":"publish","type":"product","link":"https:\/\/guzzetti.com\/es\/prodotto\/se-80-e-se-80-pr\/","title":{"rendered":"SE 80 e SE 80 PR"},"content":{"rendered":"<p><\/p>\n<h1>DESCRIPTION<\/h1>\n<ul>\n<li>In line automatic loader for cores or spolls<\/li>\n<li>Possibility to rewind on 1\u201d plastic or cardboard cores and 1\u201d plastic spools<\/li>\n<li>Possibility to be equipped with: razor blade; score or shear cutting<\/li>\n<li>Turret type rewinding station<\/li>\n<li>Automatic final tab application<\/li>\n<li>Automatic cut off at end of cycle<\/li>\n<li>Pneumatic expansion shafts or differential type<\/li>\n<li>Possibility of application of double side tape strip for automatic work with material with liner<\/li>\n<li>Different type of unwind station available: braked or driven, with expansion shaft or shaftless type<\/li>\n<li>Pack rolls station for \u201cfish eyes free\u201d winding<\/li>\n<\/ul>\n<h1>TECHNICAL DATA<\/h1>\n<ul>\n<li>Web width: 1000 \u00f7 1600 mm<\/li>\n<li>Cutting sizes: 12\u00f7 100 mm<\/li>\n<li>Max rewinding diameter: 80 mm<\/li>\n<\/ul>\n<h1>PRODUCTION DATA<\/h1>\n<ul>\n<li>Cycle time for rolls of \u00a010-33 mt: 25 sec<\/li>\n<\/ul>\n<p><\/p>","protected":false},"excerpt":{"rendered":"<p class=\"qtranxs-available-languages-message qtranxs-available-languages-message-es\">Disculpa, pero esta entrada est\u00e1 disponible s\u00f3lo en <a href=\"https:\/\/guzzetti.com\/it\/wp-json\/wp\/v2\/product\/881\" class=\"qtranxs-available-language-link qtranxs-available-language-link-it\" title=\"Italiano\">Italiano<\/a> y <a href=\"https:\/\/guzzetti.com\/en\/wp-json\/wp\/v2\/product\/881\" class=\"qtranxs-available-language-link qtranxs-available-language-link-en\" title=\"English\">English<\/a>. For the sake of viewer convenience, the content is shown below in this site default language. You may click one of the links to switch the site language to another available language.<\/p>\n<p>La SE 80 e la SE 80 PR sono i gioielli della nostra serie SE; esse sono le taglierine pi\u00f9 sofisticate ma allo stesso tempo semplici da utilizzare, concepite per la produzione di nastro adesivo riavvolto su anime da 1\u201d. La SE 80 PR poi, attrezzata con la tecnologia Pack Roll, consente la produzione di rotoli di nastro adesivo dall\u2019aspetto \u2018cristallino\u2019. Il carico delle anime e lo scarico dei rotoli da 1\u201d non sono pi\u00f9 complesse operazioni grazie al caricatore automatico che provvede con semplicit\u00e0 e facilit\u00e0 al carico delle anime ed allo scarico dei rotoli.<\/p>\n","protected":false},"featured_media":1164,"template":"","meta":[],"product_brand":[],"product_cat":[43,30,17],"product_tag":[78,77,75,46,47],"class_list":{"0":"post-881","1":"product","2":"type-product","3":"status-publish","4":"has-post-thumbnail","6":"product_cat-uncategorized","7":"product_cat-semiautomatiche","8":"product_cat-taglierine","9":"product_tag-se-80","10":"product_tag-se-80-pr","11":"product_tag-semiautomatiche","12":"product_tag-taglierina","13":"product_tag-taglierine","15":"first","16":"instock","17":"shipping-taxable","18":"product-type-simple"},"_links":{"self":[{"href":"https:\/\/guzzetti.com\/es\/wp-json\/wp\/v2\/product\/881","targetHints":{"allow":["GET"]}}],"collection":[{"href":"https:\/\/guzzetti.com\/es\/wp-json\/wp\/v2\/product"}],"about":[{"href":"https:\/\/guzzetti.com\/es\/wp-json\/wp\/v2\/types\/product"}],"wp:featuredmedia":[{"embeddable":true,"href":"https:\/\/guzzetti.com\/es\/wp-json\/wp\/v2\/media\/1164"}],"wp:attachment":[{"href":"https:\/\/guzzetti.com\/es\/wp-json\/wp\/v2\/media?parent=881"}],"wp:term":[{"taxonomy":"product_brand","embeddable":true,"href":"https:\/\/guzzetti.com\/es\/wp-json\/wp\/v2\/product_brand?post=881"},{"taxonomy":"product_cat","embeddable":true,"href":"https:\/\/guzzetti.com\/es\/wp-json\/wp\/v2\/product_cat?post=881"},{"taxonomy":"product_tag","embeddable":true,"href":"https:\/\/guzzetti.com\/es\/wp-json\/wp\/v2\/product_tag?post=881"}],"curies":[{"name":"wp","href":"https:\/\/api.w.org\/{rel}","templated":true}]}}