{"id":897,"date":"2018-02-16T10:35:58","date_gmt":"2018-02-16T09:35:58","guid":{"rendered":"http:\/\/dev.guzzetti.com\/?post_type=product&#038;p=897"},"modified":"2018-04-27T16:19:13","modified_gmt":"2018-04-27T14:19:13","slug":"se-400","status":"publish","type":"product","link":"https:\/\/guzzetti.com\/es\/prodotto\/se-400\/","title":{"rendered":"SE 400"},"content":{"rendered":"<p>DESCRIPTION<\/p>\n<ul>\n<li>automatic final cut<\/li>\n<li>automatic tab deposition<\/li>\n<li>one main unwind ac motor 9.2 kW with speed regulation<\/li>\n<li>one rewind ac motors, 9.2 kW , for continuous tension control with separate torque adjustment<\/li>\n<\/ul>\n<p>TECHNICAL DATA<\/p>\n<ul>\n<li>Web width: 1000\u00f71800 mm<\/li>\n<li>Standard cutting sizes: 9\u00f7200 mm<\/li>\n<li>Max roll rewind diameter: 310-400 mm<\/li>\n<li>Max unwind diameter: 1000 mm<\/li>\n<li>Materials: PVC, PP, cellophane, adhesive paper, double-adhesive, duct tape.<\/li>\n<\/ul>\n<p>PRODUCTION DATA<\/p>\n<ul>\n<li>Cycle for rolls up to 330 m: 1.10 min.<\/li>\n<li>Cycle for 2000 m rolls: 8.30 min.<\/li>\n<li>Cutting speed: 0\u00f7300 m\/min<\/li>\n<\/ul>\n<p><\/p>","protected":false},"excerpt":{"rendered":"<p class=\"qtranxs-available-languages-message qtranxs-available-languages-message-es\">Disculpa, pero esta entrada est\u00e1 disponible s\u00f3lo en <a href=\"https:\/\/guzzetti.com\/it\/wp-json\/wp\/v2\/product\/897\" class=\"qtranxs-available-language-link qtranxs-available-language-link-it\" title=\"Italiano\">Italiano<\/a> y <a href=\"https:\/\/guzzetti.com\/en\/wp-json\/wp\/v2\/product\/897\" class=\"qtranxs-available-language-link qtranxs-available-language-link-en\" title=\"English\">English<\/a>. For the sake of viewer convenience, the content is shown below in this site default language. You may click one of the links to switch the site language to another available language.<\/p>\n<p>Progettata con metodi moderni, la taglierina automatica SE 400 \u00e8 stata realizzata per tagliare e riavvolgere i pi\u00f9 svariati tipi materiali in rotoli di lungo metraggio ad elevata velocit\u00e0. Per ottenere i migliori risultati in fase di riavvolgimento, \u00e8 dotata di tutti i dispositivi necessari quali servo-diametro, spinta assiale automatica sugli alberi differenziali di riavvolgimento.<\/p>\n<p>La macchina pu\u00f2 infine essere dotata, a richiesta, di dispositivo per la manipolazione degli alberi riavvolti dalla taglierina al caricatore automatico di anime.<\/p>\n","protected":false},"featured_media":1169,"template":"","meta":[],"product_brand":[],"product_cat":[43,30,17],"product_tag":[81,75,46,47],"class_list":{"0":"post-897","1":"product","2":"type-product","3":"status-publish","4":"has-post-thumbnail","6":"product_cat-uncategorized","7":"product_cat-semiautomatiche","8":"product_cat-taglierine","9":"product_tag-se-400","10":"product_tag-semiautomatiche","11":"product_tag-taglierina","12":"product_tag-taglierine","14":"first","15":"instock","16":"shipping-taxable","17":"product-type-simple"},"_links":{"self":[{"href":"https:\/\/guzzetti.com\/es\/wp-json\/wp\/v2\/product\/897","targetHints":{"allow":["GET"]}}],"collection":[{"href":"https:\/\/guzzetti.com\/es\/wp-json\/wp\/v2\/product"}],"about":[{"href":"https:\/\/guzzetti.com\/es\/wp-json\/wp\/v2\/types\/product"}],"wp:featuredmedia":[{"embeddable":true,"href":"https:\/\/guzzetti.com\/es\/wp-json\/wp\/v2\/media\/1169"}],"wp:attachment":[{"href":"https:\/\/guzzetti.com\/es\/wp-json\/wp\/v2\/media?parent=897"}],"wp:term":[{"taxonomy":"product_brand","embeddable":true,"href":"https:\/\/guzzetti.com\/es\/wp-json\/wp\/v2\/product_brand?post=897"},{"taxonomy":"product_cat","embeddable":true,"href":"https:\/\/guzzetti.com\/es\/wp-json\/wp\/v2\/product_cat?post=897"},{"taxonomy":"product_tag","embeddable":true,"href":"https:\/\/guzzetti.com\/es\/wp-json\/wp\/v2\/product_tag?post=897"}],"curies":[{"name":"wp","href":"https:\/\/api.w.org\/{rel}","templated":true}]}}