{"id":974,"date":"2018-02-16T14:57:05","date_gmt":"2018-02-16T13:57:05","guid":{"rendered":"http:\/\/dev.guzzetti.com\/?post_type=product&#038;p=974"},"modified":"2018-04-20T18:26:49","modified_gmt":"2018-04-20T16:26:49","slug":"ms-30-c","status":"publish","type":"product","link":"https:\/\/guzzetti.com\/es\/prodotto\/ms-30-c\/","title":{"rendered":"MS 30 C"},"content":{"rendered":"<p><\/p>\n<h1>DESCRIPTION<\/h1>\n<ul>\n<li>Tres versiones de m\u00e1quina seg\u00fan el di\u00e1metro del producto: MS30 C-300; MS30 C-400 y MS30 C-500<br \/>\nAlmacenamiento de cart\u00f3n ajustable<br \/>\nApertura de caja y movida por vac\u00edo<br \/>\nEstaci\u00f3n de llenado autom\u00e1tico de cajas por grupos intercambiables<br \/>\nCambio r\u00e1pido de producci\u00f3n con ajuste m\u00ednimo<br \/>\nUnidad de cierre de caja por medio de grupo de encintado autoadhesivo<br \/>\nMantenimiento m\u00ednimo<br \/>\nPosibilidad de conexi\u00f3n con una cortadora Guzzetti o una m\u00e1quina de embalaje.<\/li>\n<\/ul>\n<h1>Datos t\u00e9cnicos:<\/h1>\n<ul>\n<li>Alimentaci\u00f3n neum\u00e1tica: 6 Bar<br \/>\nConsumo de aire: 300 lt \/ min.<br \/>\nCapacidad de la revista de cart\u00f3n: 120<\/li>\n<\/ul>\n<h1>Datos de produccion:<\/h1>\n<ul>\n<li>Salida: max. 24 capas o m\u00e1x. 4 cajas \/ min<\/li>\n<\/ul>\n<p><\/p>","protected":false},"excerpt":{"rendered":"<p>The MS 30\/C is equipped for forming and filling american type carton boxes with adhesive tape rolls in multi layers and with the intercalation of silicone paper or BOPP sheet. The silicon paper or BOPP sheet can be put on the bottom of the box, in between each layer of rolls but not on top of the last layer.<\/p>\n<p>&nbsp;<\/p>\n","protected":false},"featured_media":1150,"template":"","meta":[],"product_brand":[],"product_cat":[43,18,35],"product_tag":[96,107,109],"class_list":{"0":"post-974","1":"product","2":"type-product","3":"status-publish","4":"has-post-thumbnail","6":"product_cat-uncategorized","7":"product_cat-confezionamento","8":"product_cat-incartonatrici","9":"product_tag-confezionamento","10":"product_tag-incartonatrici","11":"product_tag-ms-30-c","13":"first","14":"instock","15":"shipping-taxable","16":"product-type-simple"},"_links":{"self":[{"href":"https:\/\/guzzetti.com\/es\/wp-json\/wp\/v2\/product\/974","targetHints":{"allow":["GET"]}}],"collection":[{"href":"https:\/\/guzzetti.com\/es\/wp-json\/wp\/v2\/product"}],"about":[{"href":"https:\/\/guzzetti.com\/es\/wp-json\/wp\/v2\/types\/product"}],"wp:featuredmedia":[{"embeddable":true,"href":"https:\/\/guzzetti.com\/es\/wp-json\/wp\/v2\/media\/1150"}],"wp:attachment":[{"href":"https:\/\/guzzetti.com\/es\/wp-json\/wp\/v2\/media?parent=974"}],"wp:term":[{"taxonomy":"product_brand","embeddable":true,"href":"https:\/\/guzzetti.com\/es\/wp-json\/wp\/v2\/product_brand?post=974"},{"taxonomy":"product_cat","embeddable":true,"href":"https:\/\/guzzetti.com\/es\/wp-json\/wp\/v2\/product_cat?post=974"},{"taxonomy":"product_tag","embeddable":true,"href":"https:\/\/guzzetti.com\/es\/wp-json\/wp\/v2\/product_tag?post=974"}],"curies":[{"name":"wp","href":"https:\/\/api.w.org\/{rel}","templated":true}]}}