{"id":975,"date":"2018-02-16T14:59:29","date_gmt":"2018-02-16T13:59:29","guid":{"rendered":"http:\/\/dev.guzzetti.com\/?post_type=product&#038;p=975"},"modified":"2024-04-23T15:35:34","modified_gmt":"2024-04-23T13:35:34","slug":"cs-6","status":"publish","type":"product","link":"https:\/\/guzzetti.com\/es\/prodotto\/cs-6\/","title":{"rendered":"CS 6"},"content":{"rendered":"<p><\/p>\n<ul>\n<li><span style=\"vertical-align: inherit;\"><span style=\"vertical-align: inherit;\">Cargador de cart\u00f3n ajustable<\/span><\/span><\/li>\n<li><span style=\"vertical-align: inherit;\"><span style=\"vertical-align: inherit;\">Apertura de caja y movimiento por vac\u00edo.<\/span><\/span><\/li>\n<li><span style=\"vertical-align: inherit;\"><span style=\"vertical-align: inherit;\">Estaci\u00f3n autom\u00e1tica de llenado de cajas por grupos intercambiables<\/span><\/span><\/li>\n<li><span style=\"vertical-align: inherit;\"><span style=\"vertical-align: inherit;\">Cambio r\u00e1pido de producci\u00f3n con m\u00ednimo ajuste.<\/span><\/span><\/li>\n<li><span style=\"vertical-align: inherit;\"><span style=\"vertical-align: inherit;\">Unidad de cierre de cajas mediante grupo de cinta autoadhesiva<\/span><\/span><\/li>\n<li><span style=\"vertical-align: inherit;\"><span style=\"vertical-align: inherit;\">Mantenimiento m\u00ednimo<\/span><\/span><\/li>\n<li><span style=\"vertical-align: inherit;\"><span style=\"vertical-align: inherit;\">Posibilidad de conexi\u00f3n con una envolvedora Guzzetti<\/span><\/span><\/li>\n<\/ul>\n<h1><span style=\"vertical-align: inherit;\"><span style=\"vertical-align: inherit;\">DATOS T\u00c9CNICOS<\/span><\/span><\/h1>\n<ul>\n<li><span style=\"vertical-align: inherit;\"><span style=\"vertical-align: inherit;\">Alimentaci\u00f3n neum\u00e1tica: 6 Bar<\/span><\/span><\/li>\n<li><span style=\"vertical-align: inherit;\"><span style=\"vertical-align: inherit;\">Consumo de aire: 250 lt\/min.<\/span><\/span><\/li>\n<li><span style=\"vertical-align: inherit;\"><span style=\"vertical-align: inherit;\">Capacidad del almac\u00e9n de cart\u00f3n: 100<\/span><\/span><\/li>\n<\/ul>\n<h1><span style=\"vertical-align: inherit;\"><span style=\"vertical-align: inherit;\">DATOS DE PRODUCCION<\/span><\/span><\/h1>\n<ul>\n<li><span style=\"vertical-align: inherit;\"><span style=\"vertical-align: inherit;\">Salida: alrededor de 4 cajas\/min.<\/span><\/span><\/li>\n<\/ul>\n<p><\/p>","protected":false},"excerpt":{"rendered":"<p><span style=\"vertical-align: inherit;\"><span style=\"vertical-align: inherit;\">La empacadora de cajas CS 6 est\u00e1 equipada para formar y llenar cajas de cart\u00f3n con rollos de cinta envueltos en composici\u00f3n de acorde\u00f3n o torre. <\/span><span style=\"vertical-align: inherit;\">Las cajas de cart\u00f3n (tipo americano), cerradas y apiladas en la zona de almacenamiento, son recogidas por un brazo mec\u00e1nico y formadas. <\/span><span style=\"vertical-align: inherit;\">Una vez llenas las cajas, la m\u00e1quina las sella.<\/span><\/span><\/p>\n<p>&nbsp;<\/p>\n","protected":false},"featured_media":3171,"template":"","meta":[],"product_brand":[],"product_cat":[18,35],"product_tag":[96,110,107],"class_list":{"0":"post-975","1":"product","2":"type-product","3":"status-publish","4":"has-post-thumbnail","6":"product_cat-confezionamento","7":"product_cat-incartonatrici","8":"product_tag-confezionamento","9":"product_tag-cs-6","10":"product_tag-incartonatrici","12":"first","13":"instock","14":"shipping-taxable","15":"product-type-simple"},"_links":{"self":[{"href":"https:\/\/guzzetti.com\/es\/wp-json\/wp\/v2\/product\/975","targetHints":{"allow":["GET"]}}],"collection":[{"href":"https:\/\/guzzetti.com\/es\/wp-json\/wp\/v2\/product"}],"about":[{"href":"https:\/\/guzzetti.com\/es\/wp-json\/wp\/v2\/types\/product"}],"wp:featuredmedia":[{"embeddable":true,"href":"https:\/\/guzzetti.com\/es\/wp-json\/wp\/v2\/media\/3171"}],"wp:attachment":[{"href":"https:\/\/guzzetti.com\/es\/wp-json\/wp\/v2\/media?parent=975"}],"wp:term":[{"taxonomy":"product_brand","embeddable":true,"href":"https:\/\/guzzetti.com\/es\/wp-json\/wp\/v2\/product_brand?post=975"},{"taxonomy":"product_cat","embeddable":true,"href":"https:\/\/guzzetti.com\/es\/wp-json\/wp\/v2\/product_cat?post=975"},{"taxonomy":"product_tag","embeddable":true,"href":"https:\/\/guzzetti.com\/es\/wp-json\/wp\/v2\/product_tag?post=975"}],"curies":[{"name":"wp","href":"https:\/\/api.w.org\/{rel}","templated":true}]}}